{"id":4328,"date":"2020-03-05T13:43:48","date_gmt":"2020-03-05T16:43:48","guid":{"rendered":"https:\/\/tatic.net\/case-claro-colombia-2\/"},"modified":"2021-02-25T16:55:02","modified_gmt":"2021-02-25T19:55:02","slug":"case-claro-colombia-2","status":"publish","type":"page","link":"https:\/\/tatic.net\/es\/case-claro-colombia-2\/","title":{"rendered":"Case Claro Colombia"},"content":{"rendered":"<p><div class=\"fusion-fullwidth fullwidth-box fusion-builder-row-1 nonhundred-percent-fullwidth non-hundred-percent-height-scrolling\" style=\"background-color: rgba(255,255,255,0);background-position: center center;background-repeat: no-repeat;padding-top:0px;padding-right:0px;padding-bottom:0px;padding-left:0px;margin-bottom: 0px;margin-top: 0px;border-width: 0px 0px 0px 0px;border-color:#f7f7f7;border-style:solid;\" ><div class=\"fusion-builder-row fusion-row\"><div class=\"fusion-layout-column fusion_builder_column fusion-builder-column-0 fusion_builder_column_1_1 1_1 fusion-one-full fusion-column-first fusion-column-last\" style=\"margin-top:15px;margin-bottom:15px;\"><div class=\"fusion-column-wrapper fusion-flex-column-wrapper-legacy\" style=\"background-position:left top;background-repeat:no-repeat;-webkit-background-size:cover;-moz-background-size:cover;-o-background-size:cover;background-size:cover;padding: 0px 0px 0px 0px;\"><div class=\"fusion-text fusion-text-1\"><h3>La revoluci\u00f3n en data efficiency que ha ahorrado US$ 5 millones<\/h3>\n<\/div><div class=\"fusion-builder-row fusion-builder-row-inner fusion-row\"><div class=\"fusion-layout-column fusion_builder_column_inner fusion-builder-nested-column-0 fusion_builder_column_inner_1_2 1_2 fusion-one-half fusion-column-first\" style=\"width:50%;width:calc(50% - ( ( 4% ) * 0.5 ) );margin-right: 4%;margin-top:15px;margin-bottom:15px;\"><div class=\"fusion-column-wrapper fusion-flex-column-wrapper-legacy\" style=\"background-position:left top;background-repeat:no-repeat;-webkit-background-size:cover;-moz-background-size:cover;-o-background-size:cover;background-size:cover;padding: 0px 0px 0px 0px;\"><div class=\"fusion-text fusion-text-2\"><p style=\"text-align: left;\">Claro Colombia tiene hoy 35 millones de l\u00edneas m\u00f3viles y fijas, y maneja 3TB de datos integrados a sus sistemas por d\u00eda y con un crecimiento en tr\u00e1fico de datos de 30% al a\u00f1o.<\/p>\n<p style=\"text-align: left;\">Con necesidades espec\u00edficas y complejas de almacenamiento y b\u00fasqueda de informaciones de tr\u00e1fico de voz, roaming, larga distancia, eventos, facturaci\u00f3n, servicios, entre otras, la empresa necesita tener informaciones disponibles y accesibles con agilidad para soportar procesos internos de atenci\u00f3n al cliente y para atenci\u00f3n a la legislaci\u00f3n.<\/p>\n<\/div><div class=\"fusion-clearfix\"><\/div><\/div><\/div><div class=\"fusion-layout-column fusion_builder_column_inner fusion-builder-nested-column-1 fusion_builder_column_inner_1_2 1_2 fusion-one-half fusion-column-last\" style=\"width:50%;width:calc(50% - ( ( 4% ) * 0.5 ) );margin-top:15px;margin-bottom:15px;\"><div class=\"fusion-column-wrapper fusion-flex-column-wrapper-legacy\" style=\"background-position:left top;background-repeat:no-repeat;-webkit-background-size:cover;-moz-background-size:cover;-o-background-size:cover;background-size:cover;padding: 0px 0px 0px 0px;\"><div class=\"fusion-text fusion-text-3\"><p>Con la asociaci\u00f3n con Tatic, Claro Colombia supera continuamente desaf\u00edos relacionados a almacenamiento, acceso, disponibilidad de datos y seguridad \u2013 adem\u00e1s de avanzar en la reducci\u00f3n de costos de storage y en la apertura de la informaci\u00f3n para explotaci\u00f3n en otras aplicaciones y por parte de los usuarios.<\/p>\n<\/div><div class=\"fusion-clearfix\"><\/div><\/div><\/div><\/div><div class=\"fusion-sep-clear\"><\/div><div class=\"fusion-separator\" style=\"margin-left: auto;margin-right: auto;margin-bottom:25px;width:100%;max-width:75px;\"><div class=\"fusion-separator-border sep-single sep-solid\" style=\"border-color:#a0ce4e;border-top-width:2px;\"><\/div><\/div><div class=\"fusion-sep-clear\"><\/div><div class=\"fusion-video fusion-youtube fusion-aligncenter\" style=\"max-width:850px;max-height:478px; width:100%\"><div class=\"video-shortcode\"><iframe title=\"YouTube video player\" src=\"https:\/\/www.youtube.com\/embed\/LkCzrJWXy0o?wmode=transparent&autoplay=0\" width=\"850\" height=\"478\" allowfullscreen allow=\"autoplay; fullscreen\"><\/iframe><\/div><\/div><div class=\"fusion-clearfix\"><\/div><\/div><\/div><\/div><\/div><div class=\"fusion-fullwidth fullwidth-box fusion-builder-row-2 nonhundred-percent-fullwidth non-hundred-percent-height-scrolling\" style=\"background-color: #f4f4f4;background-position: center center;background-repeat: no-repeat;padding-top:30px;padding-right:0px;padding-bottom:0px;padding-left:0px;margin-bottom: 0px;margin-top: 3%;border-width: 0px 0px 0px 0px;border-color:#f7f7f7;border-style:solid;\" ><div class=\"fusion-builder-row fusion-row\"><div class=\"fusion-layout-column fusion_builder_column fusion-builder-column-1 fusion_builder_column_1_3 1_3 fusion-one-third fusion-column-first fusion-animated\" style=\"width:33.333333333333%;width:calc(33.333333333333% - ( ( 4% + 8% ) * 0.33333333333333 ) );margin-right: 4%;margin-top:5px;margin-bottom:15px;\" data-animationType=\"fadeInDown\" data-animationDuration=\"1.0\" data-animationOffset=\"100%\"><div class=\"fusion-column-wrapper fusion-flex-column-wrapper-legacy\" style=\"background-position:left top;background-repeat:no-repeat;-webkit-background-size:cover;-moz-background-size:cover;-o-background-size:cover;background-size:cover;padding: 0px 0px 0px 0px;\"><div class=\"fusion-text fusion-text-4\"><h3>BENEFICIOS<\/h3>\n<\/div><div class=\"fusion-clearfix\"><\/div><\/div><\/div><div class=\"fusion-layout-column fusion_builder_column fusion-builder-column-2 fusion_builder_column_1_3 1_3 fusion-one-third fusion-animated\" style=\"width:33.333333333333%;width:calc(33.333333333333% - ( ( 4% + 8% ) * 0.33333333333333 ) );margin-right: 8%;margin-top:15px;margin-bottom:15px;\" data-animationType=\"fadeInDown\" data-animationDuration=\"1.0\" data-animationOffset=\"100%\"><div class=\"fusion-column-wrapper fusion-flex-column-wrapper-legacy\" style=\"background-position:left top;background-repeat:no-repeat;-webkit-background-size:cover;-moz-background-size:cover;-o-background-size:cover;background-size:cover;padding: 0px 0px 0px 0px;\"><ul class=\"fusion-checklist fusion-checklist-1\" style=\"font-size:20px;line-height:34px;\"><li class=\"fusion-li-item\"><span style=\"background-color:#4ad575;font-size:17.6px;height:34px;width:34px;margin-right:14px;\" class=\"icon-wrapper circle-yes\"><i class=\"fusion-li-icon fa-hand-holding-usd fas\" style=\"color:#ffffff;\" aria-hidden=\"true\"><\/i><\/span><div class=\"fusion-li-item-content\" style=\"margin-left:48px;\">\n<p style=\"margin-bottom: 20px;\">Evoluci\u00f3n de las tasas de compactaci\u00f3n del 40% al 90%, con una reducci\u00f3n del 50% en el volumen de almacenamiento.<\/p>\n<\/div><\/li><li class=\"fusion-li-item\"><span style=\"background-color:#4ad575;font-size:17.6px;height:34px;width:34px;margin-right:14px;\" class=\"icon-wrapper circle-yes\"><i class=\"fusion-li-icon fa-angle-double-right fas\" style=\"color:#ffffff;\" aria-hidden=\"true\"><\/i><\/span><div class=\"fusion-li-item-content\" style=\"margin-left:48px;\">\n<p style=\"margin-bottom: 20px;\"><span style=\"font-weight: 400;\">Gesti\u00f3n eficiente de datos en almacenamiento.<\/span><\/p>\n<\/div><\/li><li class=\"fusion-li-item\"><span style=\"background-color:#4ad575;font-size:17.6px;height:34px;width:34px;margin-right:14px;\" class=\"icon-wrapper circle-yes\"><i class=\"fusion-li-icon fa-buffer fab\" style=\"color:#ffffff;\" aria-hidden=\"true\"><\/i><\/span><div class=\"fusion-li-item-content\" style=\"margin-left:48px;\">\n<p style=\"margin-bottom: 20px;\"><span style=\"font-weight: 400;\">Optimizaci\u00f3n de infraestructura con reducci\u00f3n de costos del 40%.<\/span><\/p>\n<\/div><\/li><\/ul><div class=\"fusion-clearfix\"><\/div><\/div><\/div><div class=\"fusion-layout-column fusion_builder_column fusion-builder-column-3 fusion_builder_column_1_3 1_3 fusion-one-third fusion-column-last fusion-animated\" style=\"width:33.333333333333%;width:calc(33.333333333333% - ( ( 4% + 8% ) * 0.33333333333333 ) );margin-top:15px;margin-bottom:15px;\" data-animationType=\"fadeInDown\" data-animationDuration=\"1.0\" data-animationOffset=\"100%\"><div class=\"fusion-column-wrapper fusion-flex-column-wrapper-legacy\" style=\"background-position:left top;background-repeat:no-repeat;-webkit-background-size:cover;-moz-background-size:cover;-o-background-size:cover;background-size:cover;padding: 0px 0px 0px 0px;\"><ul class=\"fusion-checklist fusion-checklist-2\" style=\"font-size:20px;line-height:34px;\"><li class=\"fusion-li-item\"><span style=\"background-color:#4ad575;font-size:17.6px;height:34px;width:34px;margin-right:14px;\" class=\"icon-wrapper circle-yes\"><i class=\"fusion-li-icon fa-arrow-circle-right fas\" style=\"color:#ffffff;\" aria-hidden=\"true\"><\/i><\/span><div class=\"fusion-li-item-content\" style=\"margin-left:48px;\">\n<p style=\"margin-bottom: 20px;\"><span style=\"font-weight: 400;\">Velocidad de almacenamiento y b\u00fasqueda de informaci\u00f3n.<\/span><\/p>\n<\/div><\/li><li class=\"fusion-li-item\"><span style=\"background-color:#4ad575;font-size:17.6px;height:34px;width:34px;margin-right:14px;\" class=\"icon-wrapper circle-yes\"><i class=\"fusion-li-icon fa-vuejs fab\" style=\"color:#ffffff;\" aria-hidden=\"true\"><\/i><\/span><div class=\"fusion-li-item-content\" style=\"margin-left:48px;\">\n<p style=\"margin-bottom: 20px;\"><span style=\"font-weight: 400;\">Conciliaci\u00f3n r\u00e1pida de diferentes fuentes de informaci\u00f3n con consistencia en diferentes bases de datos.<\/span><\/p>\n<\/div><\/li><li class=\"fusion-li-item\"><span style=\"background-color:#4ad575;font-size:17.6px;height:34px;width:34px;margin-right:14px;\" class=\"icon-wrapper circle-yes\"><i class=\"fusion-li-icon fa-database fas\" style=\"color:#ffffff;\" aria-hidden=\"true\"><\/i><\/span><div class=\"fusion-li-item-content\" style=\"margin-left:48px;\">\n<p style=\"margin-bottom: 20px;\"><span style=\"font-weight: 400;\">Soporte para procesos tecnol\u00f3gicos que requieren informaci\u00f3n en tiempo real.<\/span><\/p>\n<\/div><\/li><\/ul><div class=\"fusion-clearfix\"><\/div><\/div><\/div><\/div><\/div><div class=\"fusion-fullwidth fullwidth-box fusion-builder-row-3 fusion-parallax-none nonhundred-percent-fullwidth non-hundred-percent-height-scrolling\" style=\"background-color: #f4f4f4;background-image: url(&quot;https:\/\/tatic.net\/wp-content\/uploads\/2019\/10\/footer-bg.jpg&quot;);background-position: center center;background-repeat: no-repeat;padding-top:0px;padding-right:0px;padding-bottom:5%;padding-left:0px;margin-bottom: 0px;margin-top: 0px;border-width: 0px 0px 0px 0px;border-color:#f7f7f7;border-style:solid;-webkit-background-size:cover;-moz-background-size:cover;-o-background-size:cover;background-size:cover;\" ><div class=\"fusion-builder-row fusion-row\"><div class=\"fusion-layout-column fusion_builder_column fusion-builder-column-4 fusion_builder_column_1_1 1_1 fusion-one-full fusion-column-first fusion-column-last fusion-column-no-min-height\" style=\"margin-top:0px;margin-bottom:7%;\"><div class=\"fusion-column-wrapper fusion-flex-column-wrapper-legacy\" style=\"background-position:left top;background-repeat:no-repeat;-webkit-background-size:cover;-moz-background-size:cover;-o-background-size:cover;background-size:cover;padding: 0px 0px 0px 0px;\"><div class=\"fusion-section-separator section-separator bigtriangle fusion-section-separator-1\"><div class=\"fusion-section-separator-svg\" style=\"padding:0;margin-left: 0px;margin-right: 0px;\"><svg class=\"fusion-big-triangle-candy\" xmlns=\"http:\/\/www.w3.org\/2000\/svg\" version=\"1.1\" width=\"100%\" height=\"100\" viewBox=\"0 0 100 100\" preserveAspectRatio=\"none\" style=\"fill:#f4f4f4;padding:0;\"><path d=\"M-1 -1 L50 99 L101 -1 Z\"><\/path><\/svg><\/div><div class=\"fusion-section-separator-spacer\"><div class=\"fusion-section-separator-spacer-height\" style=\"height:99px;\"><\/div><\/div><\/div><div class=\"fusion-clearfix\"><\/div><\/div><\/div><div class=\"fusion-layout-column fusion_builder_column fusion-builder-column-5 fusion_builder_column_1_6 1_6 fusion-one-sixth fusion-column-first fusion-no-small-visibility\" style=\"width:13.3333%; margin-right: 4%;margin-top:15px;margin-bottom:15px;\"><div class=\"fusion-column-wrapper fusion-flex-column-wrapper-legacy\" style=\"background-position:left top;background-repeat:no-repeat;-webkit-background-size:cover;-moz-background-size:cover;-o-background-size:cover;background-size:cover;padding: 0px 0px 0px 0px;\"><div class=\"fusion-clearfix\"><\/div><\/div><\/div><div class=\"fusion-layout-column fusion_builder_column fusion-builder-column-6 fusion_builder_column_2_3 2_3 fusion-two-third fusion-animated\" style=\"width:65.3333%; margin-right: 4%;margin-top:30px;margin-bottom:60px;\" data-animationType=\"fadeIn\" data-animationDuration=\"1.0\" data-animationOffset=\"100%\"><div class=\"fusion-column-wrapper fusion-flex-column-wrapper-legacy\" style=\"background-position:left top;background-repeat:no-repeat;-webkit-background-size:cover;-moz-background-size:cover;-o-background-size:cover;background-size:cover;padding: 0px 0px 0px 0px;\"><div class=\"fusion-text fusion-text-5\"><h3 style=\"text-align: center; font-size: 80px; line-height: 1; margin: 10px 0 20px 0; color: #fff;\">HABLA CON NUESTROS <span style=\"color: #65d672;\">EXPERTOS<\/span><\/h3>\n<\/div><div class=\"fusion-builder-row fusion-builder-row-inner fusion-row\"><div class=\"fusion-layout-column fusion_builder_column_inner fusion-builder-nested-column-2 fusion_builder_column_inner_1_6 1_6 fusion-one-sixth fusion-column-first\" style=\"width:16.666666666667%;width:calc(16.666666666667% - ( ( 4% + 4% ) * 0.16666666666667 ) );margin-right: 4%;margin-top:15px;margin-bottom:15px;\"><div class=\"fusion-column-wrapper fusion-flex-column-wrapper-legacy\" style=\"background-position:left top;background-repeat:no-repeat;-webkit-background-size:cover;-moz-background-size:cover;-o-background-size:cover;background-size:cover;padding: 0px 0px 0px 0px;\"><div class=\"fusion-clearfix\"><\/div><\/div><\/div><div class=\"fusion-layout-column fusion_builder_column_inner fusion-builder-nested-column-3 fusion_builder_column_inner_2_3 2_3 fusion-two-third\" style=\"width:66.666666666667%;width:calc(66.666666666667% - ( ( 4% + 4% ) * 0.66666666666667 ) );margin-right: 4%;margin-top:15px;margin-bottom:15px;\"><div class=\"fusion-column-wrapper fusion-flex-column-wrapper-legacy\" style=\"background-position:left top;background-repeat:no-repeat;-webkit-background-size:cover;-moz-background-size:cover;-o-background-size:cover;background-size:cover;padding: 0px 0px 0px 0px;\"><div class=\"fusion-text fusion-text-6\"><div id=\"fale-especialista-home-es-8dbd4adbf3bd85bc2418\" role=\"main\"><\/div>\n<p><script type=\"text\/javascript\" src=\"https:\/\/d335luupugsy2.cloudfront.net\/js\/rdstation-forms\/stable\/rdstation-forms.min.js\"><\/script><br \/>\n<script type=\"text\/javascript\"> new RDStationForms('fale-especialista-home-es-8dbd4adbf3bd85bc2418', 'UA-146432320-1').createForm();<\/script><\/p>\n<\/div><div class=\"fusion-clearfix\"><\/div><\/div><\/div><div class=\"fusion-layout-column fusion_builder_column_inner fusion-builder-nested-column-4 fusion_builder_column_inner_1_6 1_6 fusion-one-sixth fusion-column-last\" style=\"width:16.666666666667%;width:calc(16.666666666667% - ( ( 4% + 4% ) * 0.16666666666667 ) );margin-top:15px;margin-bottom:15px;\"><div class=\"fusion-column-wrapper fusion-flex-column-wrapper-legacy\" style=\"background-position:left top;background-repeat:no-repeat;-webkit-background-size:cover;-moz-background-size:cover;-o-background-size:cover;background-size:cover;padding: 0px 0px 0px 0px;\"><div class=\"fusion-clearfix\"><\/div><\/div><\/div><\/div><div class=\"fusion-clearfix\"><\/div><\/div><\/div><div class=\"fusion-layout-column fusion_builder_column fusion-builder-column-7 fusion_builder_column_1_6 1_6 fusion-one-sixth fusion-column-last fusion-no-small-visibility\" style=\"width:13.3333%;margin-top:15px;margin-bottom:15px;\"><div class=\"fusion-column-wrapper fusion-flex-column-wrapper-legacy\" style=\"background-position:left top;background-repeat:no-repeat;-webkit-background-size:cover;-moz-background-size:cover;-o-background-size:cover;background-size:cover;padding: 0px 0px 0px 0px;\"><div class=\"fusion-clearfix\"><\/div><\/div><\/div><\/div><\/div>\n<\/p>\n","protected":false},"excerpt":{"rendered":"","protected":false},"author":3,"featured_media":0,"parent":0,"menu_order":0,"comment_status":"closed","ping_status":"closed","template":"100-width.php","meta":[],"yoast_head":"<!-- This site is optimized with the Yoast SEO plugin v15.1.1 - https:\/\/yoast.com\/wordpress\/plugins\/seo\/ -->\n<title>Case Claro Colombia - Compresi\u00f3n de datos con reducci\u00f3n de costos<\/title>\n<meta name=\"description\" content=\"La revoluci\u00f3n de la eficiencia de datos que ahorr\u00f3 $ 5 millones, con compresi\u00f3n de datos, migraci\u00f3n de Oracle a Postgresql con Dora\" \/>\n<meta name=\"robots\" content=\"index, follow, max-snippet:-1, max-image-preview:large, max-video-preview:-1\" \/>\n<link rel=\"canonical\" href=\"https:\/\/tatic.net\/es\/case-claro-colombia-2\/\" \/>\n<meta property=\"og:locale\" content=\"es_ES\" \/>\n<meta property=\"og:type\" content=\"article\" \/>\n<meta property=\"og:title\" content=\"Case Claro Colombia - Compresi\u00f3n de datos con reducci\u00f3n de costos\" \/>\n<meta property=\"og:description\" content=\"La revoluci\u00f3n de la eficiencia de datos que ahorr\u00f3 $ 5 millones, con compresi\u00f3n de datos, migraci\u00f3n de Oracle a Postgresql con Dora\" \/>\n<meta property=\"og:url\" content=\"https:\/\/tatic.net\/es\/case-claro-colombia-2\/\" \/>\n<meta property=\"og:site_name\" content=\"Tatic - From data to Value\" \/>\n<meta property=\"article:publisher\" content=\"https:\/\/www.facebook.com\/wearetatic\/?ref=br_rs\" \/>\n<meta property=\"article:modified_time\" content=\"2021-02-25T19:55:02+00:00\" \/>\n<meta name=\"twitter:card\" content=\"summary_large_image\" \/>\n<script type=\"application\/ld+json\" class=\"yoast-schema-graph\">{\"@context\":\"https:\/\/schema.org\",\"@graph\":[{\"@type\":\"Organization\",\"@id\":\"https:\/\/tatic.net\/es\/#organization\",\"name\":\"Tatic\",\"url\":\"https:\/\/tatic.net\/es\/\",\"sameAs\":[\"https:\/\/www.facebook.com\/wearetatic\/?ref=br_rs\",\"https:\/\/www.linkedin.com\/company\/telecom-associates\/\"],\"logo\":{\"@type\":\"ImageObject\",\"@id\":\"https:\/\/tatic.net\/es\/#logo\",\"inLanguage\":\"es\",\"url\":\"https:\/\/tatic.net\/wp-content\/uploads\/2021\/08\/logo_tatic_mobile.png\",\"width\":165,\"height\":88,\"caption\":\"Tatic\"},\"image\":{\"@id\":\"https:\/\/tatic.net\/es\/#logo\"}},{\"@type\":\"WebSite\",\"@id\":\"https:\/\/tatic.net\/es\/#website\",\"url\":\"https:\/\/tatic.net\/es\/\",\"name\":\"Tatic - From data to Value\",\"description\":\"From data to Value\",\"publisher\":{\"@id\":\"https:\/\/tatic.net\/es\/#organization\"},\"potentialAction\":[{\"@type\":\"SearchAction\",\"target\":\"https:\/\/tatic.net\/es\/?s={search_term_string}\",\"query-input\":\"required name=search_term_string\"}],\"inLanguage\":\"es\"},{\"@type\":\"WebPage\",\"@id\":\"https:\/\/tatic.net\/es\/case-claro-colombia-2\/#webpage\",\"url\":\"https:\/\/tatic.net\/es\/case-claro-colombia-2\/\",\"name\":\"Case Claro Colombia - Compresi\\u00f3n de datos con reducci\\u00f3n de costos\",\"isPartOf\":{\"@id\":\"https:\/\/tatic.net\/es\/#website\"},\"datePublished\":\"2020-03-05T16:43:48+00:00\",\"dateModified\":\"2021-02-25T19:55:02+00:00\",\"description\":\"La revoluci\\u00f3n de la eficiencia de datos que ahorr\\u00f3 $ 5 millones, con compresi\\u00f3n de datos, migraci\\u00f3n de Oracle a Postgresql con Dora\",\"inLanguage\":\"es\",\"potentialAction\":[{\"@type\":\"ReadAction\",\"target\":[\"https:\/\/tatic.net\/es\/case-claro-colombia-2\/\"]}]}]}<\/script>\n<!-- \/ Yoast SEO plugin. -->","_links":{"self":[{"href":"https:\/\/tatic.net\/es\/wp-json\/wp\/v2\/pages\/4328"}],"collection":[{"href":"https:\/\/tatic.net\/es\/wp-json\/wp\/v2\/pages"}],"about":[{"href":"https:\/\/tatic.net\/es\/wp-json\/wp\/v2\/types\/page"}],"author":[{"embeddable":true,"href":"https:\/\/tatic.net\/es\/wp-json\/wp\/v2\/users\/3"}],"replies":[{"embeddable":true,"href":"https:\/\/tatic.net\/es\/wp-json\/wp\/v2\/comments?post=4328"}],"version-history":[{"count":10,"href":"https:\/\/tatic.net\/es\/wp-json\/wp\/v2\/pages\/4328\/revisions"}],"predecessor-version":[{"id":6824,"href":"https:\/\/tatic.net\/es\/wp-json\/wp\/v2\/pages\/4328\/revisions\/6824"}],"wp:attachment":[{"href":"https:\/\/tatic.net\/es\/wp-json\/wp\/v2\/media?parent=4328"}],"curies":[{"name":"wp","href":"https:\/\/api.w.org\/{rel}","templated":true}]}}