{"id":6355,"date":"2021-06-25T15:06:05","date_gmt":"2021-06-25T18:06:05","guid":{"rendered":"https:\/\/tatic.net\/?page_id=6355"},"modified":"2021-06-25T15:20:02","modified_gmt":"2021-06-25T18:20:02","slug":"prensa","status":"publish","type":"page","link":"https:\/\/tatic.net\/es\/prensa\/","title":{"rendered":"Prensa"},"content":{"rendered":"<div class=\"fusion-fullwidth fullwidth-box fusion-builder-row-1 hundred-percent-fullwidth non-hundred-percent-height-scrolling\" style=\"background-color: #f4f4f4;background-position: left top;background-repeat: no-repeat;padding-top:5%;padding-right:10%;padding-bottom:5%;padding-left:10%;margin-bottom: 0px;margin-top: 0px;border-width: 0px 0px 0px 0px;border-color:#f7f7f7;border-style:solid;\" ><div class=\"fusion-builder-row fusion-row\"><div class=\"fusion-layout-column fusion_builder_column fusion-builder-column-0 fusion_builder_column_2_3 2_3 fusion-two-third fusion-column-first\" style=\"width:66.666666666667%;width:calc(66.666666666667% - ( ( 4% ) * 0.66666666666667 ) );margin-right: 4%;margin-top:15px;margin-bottom:15px;\"><div class=\"fusion-column-wrapper fusion-flex-column-wrapper-legacy\" style=\"background-position:left top;background-repeat:no-repeat;-webkit-background-size:cover;-moz-background-size:cover;-o-background-size:cover;background-size:cover;padding: 0px 0px 0px 0px;\"><div class=\"fusion-blog-shortcode fusion-blog-shortcode-1 fusion-blog-archive fusion-blog-layout-grid-wrapper fusion-blog-infinite\"><style type=\"text\/css\">.fusion-blog-shortcode-1 .fusion-blog-layout-grid .fusion-post-grid{padding:20px;}.fusion-blog-shortcode-1 .fusion-posts-container{margin-left: -20px !important; margin-right:-20px !important;}<\/style><div class=\"fusion-posts-container fusion-posts-container-infinite fusion-posts-container-load-more fusion-blog-rollover fusion-blog-layout-grid fusion-blog-layout-grid-1 isotope fusion-blog-equal-heights\" data-pages=\"1\" data-grid-col-space=\"40\" style=\"margin: -20px -20px 0;min-height:500px;\"><article id=\"blog-1-post-7956\" class=\"fusion-post-grid post-7956 post type-post status-publish format-standard hentry category-press-release\">\n<div class=\"fusion-post-wrapper\" style=\"background-color:rgba(255,255,255,1);border:1px solid #f7f7f7;border-bottom-width:3px;\">\n\n<div class=\"fusion-post-content-wrapper\" style=\"padding:32px 30px 22px 30px;\"><div class=\"fusion-post-content post-content\"><h2 class=\"blog-shortcode-post-title entry-title\"><a href=\"https:\/\/tatic.net\/es\/blog\/nuevo-director-general-el-cambio-de-mando-en-tatic-apunta-a-la-continuidad-en-el-crecimiento-de-la-empresa\/\">Nuevo director general: el cambio de mando en TATIC apunta a la continuidad en el crecimiento de la empresa<\/a><\/h2><p class=\"fusion-single-line-meta\"><span class=\"vcard\" style=\"display: none;\"><span class=\"fn\"><a href=\"https:\/\/tatic.net\/es\/blog\/author\/tatic\/\" title=\"Entradas de Tatic - Data Efficiency\" rel=\"author\">Tatic - Data Efficiency<\/a><\/span><\/span><span class=\"updated\" style=\"display:none;\">2022-01-25T12:01:28-03:00<\/span><span>enero 21st, 2022<\/span><span class=\"fusion-inline-sep\">|<\/span><\/p><div class=\"fusion-content-sep sep-none\" style=\"border-color:#eeeeee;\"><\/div><div class=\"fusion-post-content-container\"><p>TATIC inicia el a\u00f1o 2022 anunciando el nombramiento de su nuevo CEO, Marcelo Gallotta. Gallotta sigui\u00f3 de cerca y tambi\u00e9n dirigi\u00f3 una serie de transformaciones en la empresa. Desde la expansi\u00f3n de los mercados, con [...]<\/p><\/div><\/div><\/div><div class=\"fusion-clearfix\"><\/div><\/div>\n<\/article>\n<article id=\"blog-1-post-7915\" class=\"fusion-post-grid post-7915 post type-post status-publish format-standard hentry category-press-release\">\n<div class=\"fusion-post-wrapper\" style=\"background-color:rgba(255,255,255,1);border:1px solid #f7f7f7;border-bottom-width:3px;\">\n\n<div class=\"fusion-post-content-wrapper\" style=\"padding:32px 30px 22px 30px;\"><div class=\"fusion-post-content post-content\"><h2 class=\"blog-shortcode-post-title entry-title\"><a href=\"https:\/\/tatic.net\/es\/blog\/tatic-esta-presente-como-especialista-en-datos-en-las-x-jornadas-de-supervision-de-instituciones-financieras-de-la-economia-popular-y-solidaria\/\">Tatic est\u00e1 presente como especialista en datos en las X Jornadas de Supervisi\u00f3n de Instituciones Financieras de la Econom\u00eda Popular y Solidaria<\/a><\/h2><p class=\"fusion-single-line-meta\"><span class=\"vcard\" style=\"display: none;\"><span class=\"fn\"><a href=\"https:\/\/tatic.net\/es\/blog\/author\/marco\/\" title=\"Entradas de Marco Bolt\" rel=\"author\">Marco Bolt<\/a><\/span><\/span><span class=\"updated\" style=\"display:none;\">2021-12-07T15:27:39-03:00<\/span><span>diciembre 7th, 2021<\/span><span class=\"fusion-inline-sep\">|<\/span><\/p><div class=\"fusion-content-sep sep-none\" style=\"border-color:#eeeeee;\"><\/div><div class=\"fusion-post-content-container\"><p>Tatic est\u00e1 presente como especialista en datos en las X Jornadas de Supervisi\u00f3n de Instituciones Financieras de la Econom\u00eda Popular y Solidaria A principios de octubre de 2021, se celebr\u00f3 en Ecuador las D\u00e9cimas Jornadas [...]<\/p><\/div><\/div><\/div><div class=\"fusion-clearfix\"><\/div><\/div>\n<\/article>\n<article id=\"blog-1-post-7912\" class=\"fusion-post-grid post-7912 post type-post status-publish format-standard hentry category-press-release\">\n<div class=\"fusion-post-wrapper\" style=\"background-color:rgba(255,255,255,1);border:1px solid #f7f7f7;border-bottom-width:3px;\">\n\n<div class=\"fusion-post-content-wrapper\" style=\"padding:32px 30px 22px 30px;\"><div class=\"fusion-post-content post-content\"><h2 class=\"blog-shortcode-post-title entry-title\"><a href=\"https:\/\/tatic.net\/es\/blog\/tatic-participa-en-el-simposio-del-cier\/\">Tatic participa en el Simposio del CIER<\/a><\/h2><p class=\"fusion-single-line-meta\"><span class=\"vcard\" style=\"display: none;\"><span class=\"fn\"><a href=\"https:\/\/tatic.net\/es\/blog\/author\/marco\/\" title=\"Entradas de Marco Bolt\" rel=\"author\">Marco Bolt<\/a><\/span><\/span><span class=\"updated\" style=\"display:none;\">2021-12-07T15:02:57-03:00<\/span><span>diciembre 7th, 2021<\/span><span class=\"fusion-inline-sep\">|<\/span><\/p><div class=\"fusion-content-sep sep-none\" style=\"border-color:#eeeeee;\"><\/div><div class=\"fusion-post-content-container\"><p>Tatic participa en el Simposio del CIER Celebrado en septiembre de 2021, el II Simp\u00f3sio CIER - Redes e Cidades Inteligentes - abord\u00f3 temas como la movilidad el\u00e9ctrica, la digitalizaci\u00f3n, la eficiencia energ\u00e9tica y la [...]<\/p><\/div><\/div><\/div><div class=\"fusion-clearfix\"><\/div><\/div>\n<\/article>\n<article id=\"blog-1-post-7601\" class=\"fusion-post-grid post-7601 post type-post status-publish format-standard hentry category-press-release\">\n<div class=\"fusion-post-wrapper\" style=\"background-color:rgba(255,255,255,1);border:1px solid #f7f7f7;border-bottom-width:3px;\">\n\n<div class=\"fusion-post-content-wrapper\" style=\"padding:32px 30px 22px 30px;\"><div class=\"fusion-post-content post-content\"><h2 class=\"blog-shortcode-post-title entry-title\"><a href=\"https:\/\/tatic.net\/es\/blog\/tatic-18-anos-una-trayectoria-que-hizo-y-hace-la-diferencia\/\">Tatic 18 a\u00f1os: una trayectoria que hizo y hace la diferencia<\/a><\/h2><p class=\"fusion-single-line-meta\"><span class=\"vcard\" style=\"display: none;\"><span class=\"fn\"><a href=\"https:\/\/tatic.net\/es\/blog\/author\/marco\/\" title=\"Entradas de Marco Bolt\" rel=\"author\">Marco Bolt<\/a><\/span><\/span><span class=\"updated\" style=\"display:none;\">2021-09-21T14:58:56-03:00<\/span><span>septiembre 8th, 2021<\/span><span class=\"fusion-inline-sep\">|<\/span><\/p><div class=\"fusion-content-sep sep-none\" style=\"border-color:#eeeeee;\"><\/div><div class=\"fusion-post-content-container\"><p>Tatic 18 a\u00f1os: una trayectoria que hizo y hace la diferencia  2021: Tatic cumple 18 a\u00f1os. Desde su nacimiento en 2003 en el mercado de las telecomunicaciones y las TIC en Brasil hasta hoy, [...]<\/p><\/div><\/div><\/div><div class=\"fusion-clearfix\"><\/div><\/div>\n<\/article>\n<article id=\"blog-1-post-7367\" class=\"fusion-post-grid post-7367 post type-post status-publish format-standard hentry category-press-release tag-sucursal-tatic tag-tatic-ecuador\">\n<div class=\"fusion-post-wrapper\" style=\"background-color:rgba(255,255,255,1);border:1px solid #f7f7f7;border-bottom-width:3px;\">\n\n<div class=\"fusion-post-content-wrapper\" style=\"padding:32px 30px 22px 30px;\"><div class=\"fusion-post-content post-content\"><h2 class=\"blog-shortcode-post-title entry-title\"><a href=\"https:\/\/tatic.net\/es\/blog\/tatic-y-evenet-establecen-una-asociacion-para-desarrollar-el-conocimiento-de-datos-en-el-sector-de-seguros\/\">Tatic y Evenet establecen una asociaci\u00f3n para desarrollar el conocimiento y la metodolog\u00eda para la monetizaci\u00f3n de datos en el sector de seguros<\/a><\/h2><p class=\"fusion-single-line-meta\"><span class=\"vcard\" style=\"display: none;\"><span class=\"fn\"><a href=\"https:\/\/tatic.net\/es\/blog\/author\/marco\/\" title=\"Entradas de Marco Bolt\" rel=\"author\">Marco Bolt<\/a><\/span><\/span><span class=\"updated\" style=\"display:none;\">2021-09-08T16:44:49-03:00<\/span><span>junio 30th, 2021<\/span><span class=\"fusion-inline-sep\">|<\/span><\/p><div class=\"fusion-content-sep sep-none\" style=\"border-color:#eeeeee;\"><\/div><div class=\"fusion-post-content-container\"><p> Tatic y Evenet establecen una asociaci\u00f3n para desarrollar el conocimiento y la metodolog\u00eda para la monetizaci\u00f3n de datos en el sector de seguros  El uso inteligente de los datos es un movimiento fundamental [...]<\/p><\/div><\/div><\/div><div class=\"fusion-clearfix\"><\/div><\/div>\n<\/article>\n<article id=\"blog-1-post-7379\" class=\"fusion-post-grid post-7379 post type-post status-publish format-standard hentry category-press-release\">\n<div class=\"fusion-post-wrapper\" style=\"background-color:rgba(255,255,255,1);border:1px solid #f7f7f7;border-bottom-width:3px;\">\n\n<div class=\"fusion-post-content-wrapper\" style=\"padding:32px 30px 22px 30px;\"><div class=\"fusion-post-content post-content\"><h2 class=\"blog-shortcode-post-title entry-title\"><a href=\"https:\/\/tatic.net\/es\/blog\/improve-la-nueva-solucion-tatic-para-la-gestion-de-la-compensacion-variable-que-multiplica-el-rendimiento-de-su-empresa\/\">Improve: la nueva soluci\u00f3n Tatic para la gesti\u00f3n de la compensaci\u00f3n variable que multiplica el rendimiento de su empresa<\/a><\/h2><p class=\"fusion-single-line-meta\"><span class=\"vcard\" style=\"display: none;\"><span class=\"fn\"><a href=\"https:\/\/tatic.net\/es\/blog\/author\/marco\/\" title=\"Entradas de Marco Bolt\" rel=\"author\">Marco Bolt<\/a><\/span><\/span><span class=\"updated\" style=\"display:none;\">2021-09-08T16:44:44-03:00<\/span><span>junio 23rd, 2021<\/span><span class=\"fusion-inline-sep\">|<\/span><\/p><div class=\"fusion-content-sep sep-none\" style=\"border-color:#eeeeee;\"><\/div><div class=\"fusion-post-content-container\"><p> Improve: la nueva soluci\u00f3n Tatic para la gesti\u00f3n de la compensaci\u00f3n variable que multiplica el rendimiento de su empresa  Tatic, especialista en eficiencia de datos, presenta al mercado una soluci\u00f3n innovadora e inteligente: [...]<\/p><\/div><\/div><\/div><div class=\"fusion-clearfix\"><\/div><\/div>\n<\/article>\n<article id=\"blog-1-post-6907\" class=\"fusion-post-grid post-6907 post type-post status-publish format-standard hentry category-press-release tag-sucursal-tatic tag-tatic-ecuador\">\n<div class=\"fusion-post-wrapper\" style=\"background-color:rgba(255,255,255,1);border:1px solid #f7f7f7;border-bottom-width:3px;\">\n\n<div class=\"fusion-post-content-wrapper\" style=\"padding:32px 30px 22px 30px;\"><div class=\"fusion-post-content post-content\"><h2 class=\"blog-shortcode-post-title entry-title\"><a href=\"https:\/\/tatic.net\/es\/blog\/nueva-filial-de-tatic-en-ecuador-fortalece-el-mercado-tecnologico-del-pais\/\">Nueva filial de Tatic en Ecuador fortalece el mercado tecnol\u00f3gico del pa\u00eds<\/a><\/h2><p class=\"fusion-single-line-meta\"><span class=\"vcard\" style=\"display: none;\"><span class=\"fn\"><a href=\"https:\/\/tatic.net\/es\/blog\/author\/tatic\/\" title=\"Entradas de Tatic - Data Efficiency\" rel=\"author\">Tatic - Data Efficiency<\/a><\/span><\/span><span class=\"updated\" style=\"display:none;\">2021-09-08T16:44:40-03:00<\/span><span>marzo 15th, 2021<\/span><span class=\"fusion-inline-sep\">|<\/span><\/p><div class=\"fusion-content-sep sep-none\" style=\"border-color:#eeeeee;\"><\/div><div class=\"fusion-post-content-container\"><p>Nueva filial de Tatic en Ecuador fortalece el mercado tecnol\u00f3gico del pa\u00eds Tatic ha estado presente en el mercado ecuatoriano desarrollando oportunidades de negocios desde hace algunos a\u00f1os, a trav\u00e9s de alianzas estrat\u00e9gicas y el [...]<\/p><\/div><\/div><\/div><div class=\"fusion-clearfix\"><\/div><\/div>\n<\/article>\n<article id=\"blog-1-post-6904\" class=\"fusion-post-grid post-6904 post type-post status-publish format-standard hentry category-press-release\">\n<div class=\"fusion-post-wrapper\" style=\"background-color:rgba(255,255,255,1);border:1px solid #f7f7f7;border-bottom-width:3px;\">\n\n<div class=\"fusion-post-content-wrapper\" style=\"padding:32px 30px 22px 30px;\"><div class=\"fusion-post-content post-content\"><h2 class=\"blog-shortcode-post-title entry-title\"><a href=\"https:\/\/tatic.net\/es\/blog\/vero-el-nuevo-lanzamiento-de-tatic-que-llega-para-revolucionar-el-mercado-retail\/\">Vero: el nuevo lanzamiento de Tatic que llega para revolucionar el mercado retail<\/a><\/h2><p class=\"fusion-single-line-meta\"><span class=\"vcard\" style=\"display: none;\"><span class=\"fn\"><a href=\"https:\/\/tatic.net\/es\/blog\/author\/tatic\/\" title=\"Entradas de Tatic - Data Efficiency\" rel=\"author\">Tatic - Data Efficiency<\/a><\/span><\/span><span class=\"updated\" style=\"display:none;\">2021-09-08T16:45:49-03:00<\/span><span>marzo 15th, 2021<\/span><span class=\"fusion-inline-sep\">|<\/span><\/p><div class=\"fusion-content-sep sep-none\" style=\"border-color:#eeeeee;\"><\/div><div class=\"fusion-post-content-container\"><p> Vero: el nuevo lanzamiento de Tatic que llega para revolucionar el mercado retail con foco en la transformaci\u00f3n digital  Tatic ofrece ahora al mercado una nueva soluci\u00f3n: Tatic Vero, una plataforma tecnol\u00f3gica especialmente [...]<\/p><\/div><\/div><\/div><div class=\"fusion-clearfix\"><\/div><\/div>\n<\/article>\n<div class=\"fusion-clearfix\"><\/div><\/div><\/div><div class=\"fusion-clearfix\"><\/div><\/div><\/div><div class=\"fusion-layout-column fusion_builder_column fusion-builder-column-1 fusion_builder_column_1_3 1_3 fusion-one-third fusion-column-last fusion-column-inner-bg-wrapper\" style=\"width:33.333333333333%;width:calc(33.333333333333% - ( ( 4% ) * 0.33333333333333 ) );margin-top:15px;margin-bottom:15px;\"><div class=\"fusion-column-wrapper fusion-flex-column-wrapper-legacy\" style=\"padding: 0px 0px 0px 0px;\"><span class=\" fusion-imageframe imageframe-none imageframe-1 hover-type-none\"><img width=\"211\" height=\"285\" title=\"tatic-ebook-revolucao-dados-mercado-seguros-banner-211x285_espanhol\" src=\"https:\/\/tatic.net\/wp-content\/uploads\/2021\/05\/tatic-ebook-revolucao-dados-mercado-seguros-banner-211x285_espanhol.png\" class=\"img-responsive wp-image-7176\" srcset=\"https:\/\/tatic.net\/wp-content\/uploads\/2021\/05\/tatic-ebook-revolucao-dados-mercado-seguros-banner-211x285_espanhol-200x270.png 200w, https:\/\/tatic.net\/wp-content\/uploads\/2021\/05\/tatic-ebook-revolucao-dados-mercado-seguros-banner-211x285_espanhol.png 211w\" sizes=\"(max-width: 1000px) 100vw, 211px\" \/><\/span><div class=\"fusion-clearfix\"><\/div><\/div><span class=\"fusion-column-inner-bg hover-type-none\"><a href=\"http:\/\/conteudo.tatic.net\/la-revolucion-de-los-datos-y-el-mercado-de-seguros?&amp;utm_source=br-blog&amp;utm_medium=banner&amp;utm_campaign=ebook&amp;utm_term=lateral&amp;utm_content=\"><span class=\"fusion-column-inner-bg-image\" style=\"background-position:left top;background-repeat:no-repeat;-webkit-background-size:cover;-moz-background-size:cover;-o-background-size:cover;background-size:cover;\"><\/span><\/a><\/span><\/div><\/div><\/div>\n","protected":false},"excerpt":{"rendered":"","protected":false},"author":3,"featured_media":0,"parent":0,"menu_order":0,"comment_status":"closed","ping_status":"closed","template":"","meta":[],"yoast_head":"<!-- This site is optimized with the Yoast SEO plugin v15.1.1 - https:\/\/yoast.com\/wordpress\/plugins\/seo\/ -->\n<title>Prensa - Tatic - From data to Value<\/title>\n<meta name=\"description\" content=\"\u00c1rea de Prensa de Tactic, aqu\u00ed conocer\u00e1s las \u00faltimas novedades sobre la compa\u00f1\u00eda y sus lanzamientos.\" \/>\n<meta name=\"robots\" content=\"index, follow, max-snippet:-1, max-image-preview:large, max-video-preview:-1\" \/>\n<link rel=\"canonical\" href=\"https:\/\/tatic.net\/es\/prensa\/\" \/>\n<meta property=\"og:locale\" content=\"es_ES\" \/>\n<meta property=\"og:type\" content=\"article\" \/>\n<meta property=\"og:title\" content=\"Prensa - Tatic - From data to Value\" \/>\n<meta property=\"og:description\" content=\"\u00c1rea de Prensa de Tactic, aqu\u00ed conocer\u00e1s las \u00faltimas novedades sobre la compa\u00f1\u00eda y sus lanzamientos.\" \/>\n<meta property=\"og:url\" content=\"https:\/\/tatic.net\/es\/prensa\/\" \/>\n<meta property=\"og:site_name\" content=\"Tatic - From data to Value\" \/>\n<meta property=\"article:publisher\" content=\"https:\/\/www.facebook.com\/wearetatic\/?ref=br_rs\" \/>\n<meta property=\"article:modified_time\" content=\"2021-06-25T18:20:02+00:00\" \/>\n<meta name=\"twitter:card\" content=\"summary_large_image\" \/>\n<script type=\"application\/ld+json\" class=\"yoast-schema-graph\">{\"@context\":\"https:\/\/schema.org\",\"@graph\":[{\"@type\":\"Organization\",\"@id\":\"https:\/\/tatic.net\/es\/#organization\",\"name\":\"Tatic\",\"url\":\"https:\/\/tatic.net\/es\/\",\"sameAs\":[\"https:\/\/www.facebook.com\/wearetatic\/?ref=br_rs\",\"https:\/\/www.linkedin.com\/company\/telecom-associates\/\"],\"logo\":{\"@type\":\"ImageObject\",\"@id\":\"https:\/\/tatic.net\/es\/#logo\",\"inLanguage\":\"es\",\"url\":\"https:\/\/tatic.net\/wp-content\/uploads\/2021\/08\/logo_tatic_mobile.png\",\"width\":165,\"height\":88,\"caption\":\"Tatic\"},\"image\":{\"@id\":\"https:\/\/tatic.net\/es\/#logo\"}},{\"@type\":\"WebSite\",\"@id\":\"https:\/\/tatic.net\/es\/#website\",\"url\":\"https:\/\/tatic.net\/es\/\",\"name\":\"Tatic - From data to Value\",\"description\":\"From data to Value\",\"publisher\":{\"@id\":\"https:\/\/tatic.net\/es\/#organization\"},\"potentialAction\":[{\"@type\":\"SearchAction\",\"target\":\"https:\/\/tatic.net\/es\/?s={search_term_string}\",\"query-input\":\"required name=search_term_string\"}],\"inLanguage\":\"es\"},{\"@type\":\"WebPage\",\"@id\":\"https:\/\/tatic.net\/es\/prensa\/#webpage\",\"url\":\"https:\/\/tatic.net\/es\/prensa\/\",\"name\":\"Prensa - Tatic - From data to Value\",\"isPartOf\":{\"@id\":\"https:\/\/tatic.net\/es\/#website\"},\"datePublished\":\"2021-06-25T18:06:05+00:00\",\"dateModified\":\"2021-06-25T18:20:02+00:00\",\"description\":\"\\u00c1rea de Prensa de Tactic, aqu\\u00ed conocer\\u00e1s las \\u00faltimas novedades sobre la compa\\u00f1\\u00eda y sus lanzamientos.\",\"inLanguage\":\"es\",\"potentialAction\":[{\"@type\":\"ReadAction\",\"target\":[\"https:\/\/tatic.net\/es\/prensa\/\"]}]}]}<\/script>\n<!-- \/ Yoast SEO plugin. -->","_links":{"self":[{"href":"https:\/\/tatic.net\/es\/wp-json\/wp\/v2\/pages\/6355"}],"collection":[{"href":"https:\/\/tatic.net\/es\/wp-json\/wp\/v2\/pages"}],"about":[{"href":"https:\/\/tatic.net\/es\/wp-json\/wp\/v2\/types\/page"}],"author":[{"embeddable":true,"href":"https:\/\/tatic.net\/es\/wp-json\/wp\/v2\/users\/3"}],"replies":[{"embeddable":true,"href":"https:\/\/tatic.net\/es\/wp-json\/wp\/v2\/comments?post=6355"}],"version-history":[{"count":12,"href":"https:\/\/tatic.net\/es\/wp-json\/wp\/v2\/pages\/6355\/revisions"}],"predecessor-version":[{"id":7393,"href":"https:\/\/tatic.net\/es\/wp-json\/wp\/v2\/pages\/6355\/revisions\/7393"}],"wp:attachment":[{"href":"https:\/\/tatic.net\/es\/wp-json\/wp\/v2\/media?parent=6355"}],"curies":[{"name":"wp","href":"https:\/\/api.w.org\/{rel}","templated":true}]}}